{"id":701,"date":"2021-01-07T20:13:59","date_gmt":"2021-01-07T19:13:59","guid":{"rendered":"https:\/\/altaircl.com\/?page_id=701"},"modified":"2021-01-07T20:13:59","modified_gmt":"2021-01-07T19:13:59","slug":"general-contracting-conditions","status":"publish","type":"page","link":"https:\/\/altaircl.com\/en\/general-contracting-conditions\/","title":{"rendered":"General contracting conditions"},"content":{"rendered":"<p class=\"Default\"><b><span style=\"font-size: 11.0pt;\">CONDICIONES GENERALES DE CONTRATACI\u00d3N PARA LA ORGANIZACI\u00d3N DEL TRANSPORTE DE MERCANC\u00cdAS <\/span><\/b><\/p>\n<p class=\"Default\"><span style=\"font-size: 10.0pt;\">Las presentes Condiciones Generales se encuentran a disposici\u00f3n de nuestros clientes tanto en las oficinas de Altair Consultores Log\u00edsticos, S.L. como en nuestra p\u00e1gina Web www.altaircl.com. <\/span><\/p>\n<p class=\"Default\"><b><span style=\"font-size: 11.0pt;\">1.- \u00c1MBITO DE APLICACI\u00d3N.- <\/span><\/b><\/p>\n<p class=\"Default\"><span style=\"font-size: 11.0pt;\">Resultar\u00e1n de aplicaci\u00f3n las presentes Condiciones Generales a todos los servicios de transitario solicitados a Altair Consultores Log\u00edsticos, S.L., con domicilio en C\/ Doctor Fleming, 51 2\u00aa planta 28036 Madrid, Espa\u00f1a (en adelante el \u201c<b>Transitario<\/b>\u201d) y C.I.F. B-81317844, y ello con independencia del medio utilizado para solicitarlos (ya sea telef\u00f3nicamente, por tele\/fax o por cualquier otro medio). Ello sin perjuicio de aquellos contratos de transporte multimodal en los que se indique expresamente que quedan sometidos a las Condiciones Generales de Contrataci\u00f3n de la Federaci\u00f3n Internacional de Asociaciones de Transitarios y Asimilados (FIATA). <\/span><\/p>\n<p class=\"Default\"><b><span style=\"font-size: 11.0pt;\">2.- ACEPTACI\u00d3N.- <\/span><\/b><\/p>\n<p class=\"Default\"><span style=\"font-size: 11.0pt;\">El cliente acepta expresamente someter todo servicio contratado con el Transitario a las presentes Condiciones Generales. <\/span><\/p>\n<p class=\"Default\"><b><span style=\"font-size: 11.0pt;\">3.- DEFINICI\u00d3N.- <\/span><\/b><\/p>\n<p class=\"Default\"><span style=\"font-size: 11.0pt;\">Transitario: Ser\u00e1 Altair Consultores Log\u00edsticos, S.L. La actividad de transitario consiste fundamentalmente en la organizaci\u00f3n del transporte de mercanc\u00edas. Para ejecutar el transporte podr\u00e1 utilizar todo tipo de medios de transporte y subagentes, los cuales pueden ser contratados en nombre y representaci\u00f3n del cliente. <\/span><\/p>\n<p class=\"Default\"><b><span style=\"font-size: 11.0pt;\">4.- OBLIGACIONES GENERALES DEL CLIENTE.- <\/span><\/b><\/p>\n<p class=\"Default\"><b><span style=\"font-size: 11.0pt;\">4.1.- <\/span><\/b><span style=\"font-size: 11.0pt;\">El cliente, y\/o en su caso, sus agentes o encargados, garantizan al Transitario la exactitud de la declaraci\u00f3n de las mercanc\u00edas en lo que respecta a sus caracter\u00edsticas, descripci\u00f3n, marcas, n\u00famero, cantidad, peso y volumen. En todo caso, el cliente indemnizar\u00e1 al Transitario de todas las p\u00e9rdidas, da\u00f1os, aver\u00edas, penalidades y\/o gastos en que pueda incurrir el Transitario como consecuencia de las inexactitudes que sobre dichos extremos se hubiesen realizado en la declaraci\u00f3n. Adicionalmente, el Transitario se reserva el derecho a realizar, en el momento de recepci\u00f3n de las mercanc\u00edas, las reservas que entienda convenientes o necesarias.<\/span><\/p>\n<p class=\"Default\"><b><span style=\"font-size: 11.0pt;\">4.2.- <\/span><\/b><span style=\"font-size: 11.0pt;\">El cliente, y\/o en su caso, sus agentes o encargados, ser\u00e1n responsables de todas las p\u00e9rdidas, da\u00f1os, aver\u00edas y gastos derivados del embalaje inadecuado, defectuoso o mal empleado de las mercanc\u00edas. El cliente responder\u00e1 asimismo de los da\u00f1os, perjuicios y aver\u00edas originados en los equipos de manipulaci\u00f3n o en los medios de transporte, as\u00ed como de los gastos que se ocasionen con motivo de un embalaje defectuoso o inadecuado. En este sentido, el Transitario se reserva el derecho a realizar, en el momento de recepci\u00f3n de las mercanc\u00edas, las oportunas reservas respecto del embalaje de la mercanc\u00eda. <\/span><\/p>\n<p class=\"Default\"><b><span style=\"font-size: 11.0pt;\">4.3.- <\/span><\/b><span style=\"font-size: 11.0pt;\">El cliente, y\/o en su caso, sus agentes o encargados, estar\u00e1n obligados a informar previamente al Transitario acerca de la naturaleza inflamable, explosiva o peligrosa de las mercanc\u00edas objeto de transporte, almacenaje o manipulaci\u00f3n, as\u00ed como de las precauciones excepcionales que, en su caso, deban adoptarse. En caso de omisi\u00f3n o insuficiente informaci\u00f3n, el cliente ser\u00e1 responsable de los da\u00f1os y gastos producidos en las mercanc\u00edas y aquellos producidos, directa o indirectamente, al Transitario por su embarque, almacenaje o manipulaci\u00f3n. En este caso, el Transitario quedar\u00e1 facultado para, con anterioridad a su descarga, desembarcar, destruir o neutralizar las mercanc\u00edas, sin que el cliente ni el destinatario de la mercanc\u00eda tengan derecho a indemnizaci\u00f3n alguna por este concepto. <\/span><\/p>\n<p class=\"Default\"><b><span style=\"font-size: 11.0pt;\">4.4.- <\/span><\/b><span style=\"font-size: 11.0pt;\">Las garant\u00edas y obligaciones del cliente recogidas en los puntos anteriores se ampl\u00edan, en el caso de env\u00edos a EE.UU., a los requisitos de informaci\u00f3n previa y de documentaci\u00f3n necesaria para la importaci\u00f3n en aquel pa\u00eds que en cada momento se requieran por el mismo, respondiendo el cliente de su exactitud y puntualidad, haci\u00e9ndose cargo de cuantos gastos, da\u00f1os y perjuicios puedan derivarse de su incumplimiento, sin que el Transitario sea responsable de las consecuencias derivadas de no haberse podido informar a la Aduana norteamericana de la naturaleza del env\u00edo con la antelaci\u00f3n prescrita o de fallos en la documentaci\u00f3n de importaci\u00f3n. En caso de omisi\u00f3n o insuficiente informaci\u00f3n, responder\u00e1 el cliente de los perjuicios ocasionados por las mercanc\u00edas, teniendo el Transitario derecho a reintegrarse de los gastos que por tal motivo se le causen y quedando exento de cualquier responsabilidad si las mercanc\u00edas tuvieran que ser descargadas, destruidas o neutralizadas, seg\u00fan requieran las circunstancias y sin que haya lugar a indemnizaci\u00f3n al remitente y\/o destinatario. <\/span><\/p>\n<p class=\"Default\"><b><span style=\"font-size: 11.0pt;\">5.- OBLIGACIONES GENERALES DEL TRANSITARIO.- <\/span><\/b><\/p>\n<p class=\"Default\"><b><span style=\"font-size: 11.0pt;\">5.1.- <\/span><\/b><span style=\"font-size: 11.0pt;\">El Transitario se obliga a organizar a su propia discreci\u00f3n el transporte, la manipulaci\u00f3n, el acarreo y el almacenaje de las mercanc\u00edas que le sean confiadas, de la manera m\u00e1s apropiada y empleando la debida diligencia, salvo que reciba del cliente instrucciones expresas respecto del modo de organizar cualquiera de los servicios mencionados.<\/span><\/p>\n<p class=\"Default\"><b><span style=\"font-size: 11.0pt;\">2.- <\/span><\/b><span style=\"font-size: 11.0pt;\">A los efectos de organizar los servicios descritos en el p\u00e1rrafo 5.1 anterior, y salvo instrucci\u00f3n en contrario del cliente, el Transitario podr\u00e1 seleccionar y contratar a terceros que act\u00faen en su condici\u00f3n de transitarios, transportistas, operadores de almac\u00e9n, agentes de aduanas y otros que requiera el transporte, almacenaje, manipulaci\u00f3n y entrega de mercanc\u00edas, todos los cuales ser\u00e1n considerados agentes independientes del Transitario. El Transitario contratar\u00e1, en la medida de lo posible, la prestaci\u00f3n de dichos servicios con aquellas compa\u00f1\u00edas o empresas que se sometan a los Convenios Internacionales en vigor. Para el caso en que ello no fuera posible, contratar\u00e1 con compa\u00f1\u00edas de reconocido prestigio y solvencia. <\/span><\/p>\n<p class=\"Default\"><span style=\"font-size: 11.0pt;\">Las mercanc\u00edas ser\u00e1n confiadas a tales terceros sujetas a los t\u00e9rminos y condiciones, tales como limitaciones de responsabilidad por perdida, da\u00f1os, gastos o retraso en la entrega, que se establezcan en las hojas de ruta, conocimientos de embarque y recibos extendidos por tales transitarios, transportistas, operadores de almac\u00e9n y otros. <\/span><\/p>\n<p class=\"Default\"><b><span style=\"font-size: 11.0pt;\">5.3.- <\/span><\/b><span style=\"font-size: 11.0pt;\">Las cartas de porte o conocimientos de embarque correspondientes a la ejecuci\u00f3n efectiva de todo o parte del transporte, almac\u00e9n u otra actividad necesaria para la ejecuci\u00f3n final de la remisi\u00f3n de las mercanc\u00edas, estar\u00e1n disponibles durante su total vigencia. <\/span><\/p>\n<p class=\"Default\"><b><span style=\"font-size: 11.0pt;\">6.- LIMITACI\u00d3N DE RESPONSABILIDAD.- <\/span><\/b><\/p>\n<p class=\"Default\"><b><span style=\"font-size: 11.0pt;\">6.1.- <\/span><\/b><span style=\"font-size: 11.0pt;\">El Transitario responder\u00e1 frente al cliente \u00fanicamente por p\u00e9rdidas y da\u00f1os de las mercanc\u00edas que provengan de un incumplimiento de sus obligaciones contractuales. La responsabilidad del Transitario por este concepto se entender\u00e1 que comienza desde el momento en que reciba la mercanc\u00eda y hasta la efectiva entrega de la misma al cliente, al destinatario o al representante autorizado de cualquiera de \u00e9stos, o al porteador que efect\u00fae el transporte de la mercanc\u00eda hasta su destino final. <\/span><\/p>\n<p class=\"Default\"><b><span style=\"font-size: 11.0pt;\">6.2.- <\/span><\/b><span style=\"font-size: 11.0pt;\">La responsabilidad directa o indirecta del Transitario por p\u00e9rdidas o da\u00f1os parciales en las mercanc\u00edas, quedar\u00e1 limitada a las cuant\u00edas que resulten de aplicar a cada caso concreto los importes que se indican a continuaci\u00f3n: <\/span><\/p>\n<p class=\"Default\"><span style=\"font-size: 11.0pt;\">\u2022 En los transportes terrestres dentro de Espa\u00f1a, se estar\u00e1 a la limitaci\u00f3n de responsabilidad recogida en el art\u00edculo 57 de la Ley 15\/2009, de 11 de noviembre, del contrato de transportes terrestre de mercanc\u00edas. <\/span><\/p>\n<p class=\"Default\"><span style=\"font-size: 11.0pt;\">\u2022 En el caso de transportes terrestres internacionales, la cantidad de 8,33 DEG(*) por cada kilogramo de peso bruto de mercanc\u00eda perdida o da\u00f1ada. <\/span><\/p>\n<p class=\"Default\"><span style=\"font-size: 11.0pt;\">\u2022 En el caso de transportes por mar, la cantidad de 666,67 DEG por bulto o unidad o a 2 DEG por cada kilogramo de peso bruto de mercanc\u00eda perdida o da\u00f1ada, cualquiera que resulte superior. <\/span><\/p>\n<p class=\"Default\" style=\"page-break-before: always;\"><span style=\"font-size: 11.0pt;\">\u2022 En el caso de transportes a\u00e9reos, la cantidad de 17 DEG por cada kilogramo de peso bruto de mercanc\u00eda perdida o da\u00f1ada. <\/span><\/p>\n<p class=\"Default\"><span style=\"font-size: 11.0pt;\">(*) DEG (Derechos Especiales de Giro): Se entiende por DEG la unidad de cuenta en los t\u00e9rminos en que venga definida por el Fondo Monetario Internacional. <\/span><\/p>\n<p class=\"Default\"><b><span style=\"font-size: 11.0pt;\">6.3.- <\/span><\/b><span style=\"font-size: 11.0pt;\">En todo caso, la responsabilidad acumulada del Transitario por p\u00e9rdidas o da\u00f1os parciales en las mercanc\u00edas tendr\u00e1 como l\u00edmite el valor total de las mercanc\u00edas declarado por el cliente. <\/span><\/p>\n<p class=\"Default\"><b><span style=\"font-size: 11.0pt;\">6.4.- <\/span><\/b><span style=\"font-size: 11.0pt;\">Para el caso en que el Transitario fuera declarado responsable de los perjuicios ocasionados por la falta de entrega de las mercanc\u00edas dentro del plazo fijado en la documentaci\u00f3n relativa al transporte o por cualquier p\u00e9rdida o da\u00f1o indirecto distinto al de p\u00e9rdida o da\u00f1o en la mercanc\u00eda, se limitar\u00e1 a los perjuicios que tal dilaci\u00f3n hubiera causado sin que en ning\u00fan caso su responsabilidad pueda exceder de la cuant\u00eda correspondiente a la retribuci\u00f3n que deba pagarse en virtud del contrato celebrado con el Transitario. <\/span><\/p>\n<p class=\"Default\"><b><span style=\"font-size: 11.0pt;\">6.5.- <\/span><\/b><span style=\"font-size: 11.0pt;\">Las presentes limitaciones se aplicar\u00e1n a todas las reclamaciones que se dirijan contra el Transitario, independientemente de que la reclamaci\u00f3n se funde en la responsabilidad contractual o extracontractual. <\/span><\/p>\n<p class=\"Default\"><b><span style=\"font-size: 11.0pt;\">6.6.- <\/span><\/b><span style=\"font-size: 11.0pt;\">Cuando la responsabilidad derive de hecho o actos ocurridos durante la ejecuci\u00f3n del transporte, si en ella hubiera de subrogarse el Transitario, en ning\u00fan caso exceder\u00e1 de la responsabilidad que asumen frente al mismo, las compa\u00f1\u00edas de ferrocarriles, de navegaci\u00f3n, a\u00e9reas, de transporte por carretera, de almacenes de dep\u00f3sito o cualquier otro intermediario que intervengan en el transcurso del transporte, con arreglo a las reglamentaciones y convenios internacionales en vigor. <\/span><\/p>\n<p class=\"Default\"><b><span style=\"font-size: 11.0pt;\">6.7.- <\/span><\/b><span style=\"font-size: 11.0pt;\">En todo caso, el Transitario se reserva su derecho a repetir contra cualquier tercero responsable directo de la p\u00e9rdida o da\u00f1o total o parcial en las mercanc\u00edas. <\/span><\/p>\n<p class=\"Default\"><b><span style=\"font-size: 11.0pt;\">6.8.- <\/span><\/b><span style=\"font-size: 11.0pt;\">Cualquier acci\u00f3n legal contra el Transitario y\/o contra sus empleados, ya sea de manera conjunta o individualizada, por p\u00e9rdida o da\u00f1o en las mercanc\u00edas, quedar\u00e1 sujeta a las limitaciones establecidas en los p\u00e1rrafos anteriores.<\/span><\/p>\n<p class=\"Default\"><b><span style=\"font-size: 11.0pt;\">7.- EXONERACI\u00d3N DE RESPONSABILIDAD.- <\/span><\/b><\/p>\n<p class=\"Default\"><b><span style=\"font-size: 11.0pt;\">7.1.- <\/span><\/b><span style=\"font-size: 11.0pt;\">El Transitario quedar\u00e1 exonerado de cualquier responsabilidad si la elecci\u00f3n de terceros que act\u00faen en su condici\u00f3n de transportistas, transitarios, operadores de almac\u00e9n, agentes de aduanas y otros que requiera el transporte, almacenaje, manipulaci\u00f3n y entrega de las mercanc\u00edas, ha tenido lugar de conformidad con las instrucciones recibidas del cliente. Tambi\u00e9n quedar\u00e1 exonerado de cualquier responsabilidad cuando las instrucciones de transporte hayan sido transmitidas a los terceros subcontratados de acuerdo con la orden de transporte dada por el cliente. En estos casos, el Transitario podr\u00e1 renunciar al ejercicio de sus derechos frente a dichos terceros cedi\u00e9ndolos en favor del cliente. <\/span><\/p>\n<p class=\"Default\"><b><span style=\"font-size: 11.0pt;\">7.2.- <\/span><\/b><span style=\"font-size: 11.0pt;\">El Transitario no ser\u00e1 responsable de la p\u00e9rdida o da\u00f1o en la mercanc\u00eda, a no ser que dicha p\u00e9rdida o da\u00f1o ocurra mientras la mercanc\u00eda est\u00e9 bajo la custodia y control del Transitario. <\/span><\/p>\n<p class=\"Default\"><b><span style=\"font-size: 11.0pt;\">7.3.- <\/span><\/b><span style=\"font-size: 11.0pt;\">El Transitario no ser\u00e1 responsable si la mercanc\u00eda ha sido transportada por el cliente o su representante. <\/span><\/p>\n<p class=\"Default\"><b><span style=\"font-size: 11.0pt;\">7.4.- <\/span><\/b><span style=\"font-size: 11.0pt;\">El Transitario no ser\u00e1 responsable de las consecuencias que se deriven en las operaciones de carga o descarga que no hayan sido realizadas por \u00e9l. <\/span><\/p>\n<p class=\"Default\"><b><span style=\"font-size: 11.0pt;\">7.5.- <\/span><\/b><span style=\"font-size: 11.0pt;\">El Transitario no ser\u00e1 responsable por p\u00e9rdida, da\u00f1o o gastos que se deriven en conexi\u00f3n con el n\u00famero, contenido, peso, marcas o descripci\u00f3n de la mercanc\u00eda. <\/span><\/p>\n<p class=\"Default\"><b><span style=\"font-size: 11.0pt;\">7.6.- <\/span><\/b><span style=\"font-size: 11.0pt;\">El Transitario no ser\u00e1 responsable de cualquier p\u00e9rdida o gasto en que pueda incurrir el cliente, tales como p\u00e9rdida de beneficios, p\u00e9rdida de clientes, multas, p\u00e9rdidas debidas a depreciaci\u00f3n o cl\u00e1usulas de penalizaci\u00f3n, fluctuaciones en el cambio de divisas, tasas o impuestos incrementados por las Autoridades, en que pueda incurrir el cliente en relaci\u00f3n con el transporte contratado. <\/span><\/p>\n<p class=\"Default\"><b><span style=\"font-size: 11.0pt;\">7.7.- <\/span><\/b><span style=\"font-size: 11.0pt;\">El Transitario tampoco ser\u00e1 responsable de las p\u00e9rdidas o da\u00f1os que puedan sufrir las mercanc\u00edas si concurriese alguna de las circunstancias que se detallan a continuaci\u00f3n: <\/span><\/p>\n<p class=\"Default\"><span style=\"font-size: 11.0pt;\">\u2022 Culpa o negligencia del cliente o de su representante autorizado. <\/span><\/p>\n<p class=\"Default\"><span style=\"font-size: 11.0pt;\">\u2022 Embalaje, rotulado y estiba defectuosos o la ausencia de los mismos, siempre y cuando no haya sido el Transitario el encargado de ejecutar el embalaje, marcado y estiba de la mercanc\u00eda. Asimismo, el Transitario no ser\u00e1 responsable del embalaje de la mercanc\u00eda de la cual no puede verificar el contenido.<\/span><\/p>\n<p class=\"Default\"><span style=\"font-size: 11.0pt;\">\u2022 Guerra, rebeli\u00f3n, revoluci\u00f3n, insurrecci\u00f3n, usurpaci\u00f3n de poder o confiscaci\u00f3n, nacionalizaci\u00f3n o requisici\u00f3n por o bajo las ordenes de un Gobierno o de una Autoridad publica o local. <\/span><\/p>\n<p class=\"Default\"><span style=\"font-size: 11.0pt;\">\u2022 Huelga, lock-outs y otros conflictos laborales que afecten al trabajo. <\/span><\/p>\n<p class=\"Default\"><span style=\"font-size: 11.0pt;\">\u2022 Da\u00f1os causados por energ\u00eda nuclear. <\/span><\/p>\n<p class=\"Default\"><span style=\"font-size: 11.0pt;\">\u2022 Desastres naturales, incluida pandemia. <\/span><\/p>\n<p class=\"Default\"><span style=\"font-size: 11.0pt;\">\u2022 Fuerza mayor. <\/span><\/p>\n<p class=\"Default\"><span style=\"font-size: 11.0pt;\">\u2022 Circunstancias que el Transitario no hubiese podido evitar y cuyas consecuencias no pudiese prever. <\/span><\/p>\n<p class=\"Default\"><span style=\"font-size: 11.0pt;\">\u2022 Disminuci\u00f3n en volumen o peso o de cualquier otra p\u00e9rdida o da\u00f1o resultante de vicios ocultos, naturaleza especial o vicio propio de la mercanc\u00eda. <\/span><\/p>\n<p class=\"Default\"><span style=\"font-size: 11.0pt;\">\u2022 Dem\u00e1s causas de exoneraci\u00f3n establecidas en los convenios o disposiciones legales vigentes. <\/span><\/p>\n<p class=\"Default\"><b><span style=\"font-size: 11.0pt;\">8.- SEGUROS.- <\/span><\/b><\/p>\n<p class=\"Default\"><span style=\"font-size: 11.0pt;\">8.1.- El Transitario no asegurar\u00e1 las p\u00e9rdidas o da\u00f1os que puedan ocasionarse en las mercanc\u00edas durante su manipulaci\u00f3n, almacenaje o transporte, salvo que el cliente le instruya espec\u00edficamente por escrito. En este caso, el Transitario proceder\u00e1 a contratar los oportunos seguros en nombre del cliente actuando en calidad de agente. <\/span><\/p>\n<p class=\"Default\"><b><span style=\"font-size: 11.0pt;\">8.2.- <\/span><\/b><span style=\"font-size: 11.0pt;\">En el caso de que se haya suscrito una cobertura de seguro a petici\u00f3n del cliente, las condiciones generales para el transporte se ajustar\u00e1n a aqu\u00e9llas de la p\u00f3liza que cubra el transporte y\/o almacenamiento. <\/span><\/p>\n<p class=\"Default\"><b><span style=\"font-size: 11.0pt;\">9.- PRECIO.- <\/span><\/b><\/p>\n<p class=\"Default\"><b><span style=\"font-size: 11.0pt;\">9.1.- <\/span><\/b><span style=\"font-size: 11.0pt;\">El precio correspondiente a los transportes y dem\u00e1s servicios contratados con el Transitario se fijar\u00e1 con arreglo a las tarifas vigentes en el momento de la contrataci\u00f3n y dentro de los l\u00edmites en ellas previstos. De no existir tarifas en el momento de la contrataci\u00f3n, se aplicar\u00e1n los precios usuales o de mercado correspondientes al lugar en que se contrate el servicio. <\/span><\/p>\n<p class=\"Default\"><b><span style=\"font-size: 11.0pt;\">9.2.- <\/span><\/b><span style=\"font-size: 11.0pt;\">Los gastos adicionales que se produzcan como consecuencia de hechos o circunstancias posteriores a la fecha de contrataci\u00f3n o, en su caso, a la fecha de emisi\u00f3n de expedici\u00f3n, ser\u00e1n de cuenta y cargo del cliente, siempre que est\u00e9n debidamente justificados y no se deban a culpa o negligencia del Transitario. <\/span><\/p>\n<p class=\"Default\"><b><span style=\"font-size: 11.0pt;\">9.3.- <\/span><\/b><span style=\"font-size: 11.0pt;\">El pago del precio, as\u00ed como de cualesquiera gastos, se realizar\u00e1 al contado, salvo condiciones especiales previamente pactadas. <\/span><\/p>\n<p class=\"Default\"><b><span style=\"font-size: 11.0pt;\">10.- RECLAMACIONES.- <\/span><\/b><\/p>\n<p class=\"Default\"><b><span style=\"font-size: 11.0pt;\">10.1.- <\/span><\/b><span style=\"font-size: 11.0pt;\">En el momento de la entrega de las mercanc\u00edas, los destinatarios deber\u00e1n verificar las condiciones en que se encuentran las mismas, as\u00ed como que la cantidad, n\u00famero y peso de los bultos se corresponden con los datos consignados en la documentaci\u00f3n referente al transporte, debiendo informar inmediatamente al Transitario sobre cualquier defecto o p\u00e9rdida aparente en cualquier pieza. <\/span><\/p>\n<p class=\"Default\"><b><span style=\"font-size: 11.0pt;\">10.2.- <\/span><\/b><span style=\"font-size: 11.0pt;\">En el caso de que alguna irregularidad o p\u00e9rdida no sea observada inmediatamente por el receptor de las mercanc\u00edas, \u00e9ste deber\u00e1 hacer constar sus reservas por escrito en los t\u00e9rminos y condiciones se\u00f1alados en las cartas de porte, conocimientos de embarque etc., o en su defecto, en los t\u00e9rminos y condiciones establecidos en los Convenios Internacionales que regulan la modalidad de transporte de que se trate. De lo contrario perder\u00e1 el derecho a hacer cualquier reclamaci\u00f3n contra el Transitario. <\/span><\/p>\n<p class=\"Default\"><b><span style=\"font-size: 11.0pt;\">10.3.- <\/span><\/b><span style=\"font-size: 11.0pt;\">El plazo de prescripci\u00f3n, o en su caso, la caducidad para iniciar alguna acci\u00f3n contra el Transitario ser\u00e1 el que se\u00f1ale las cartas de porte, conocimientos, etc., o en su caso, los Convenios internacionales que regulen los diferentes medios de transporte, comenzando a correr el plazo de prescripci\u00f3n en funci\u00f3n de lo que en tales documentos o Convenios se establezca. <\/span><\/p>\n<p class=\"Default\"><b><span style=\"font-size: 11.0pt;\">10.4.- <\/span><\/b><span style=\"font-size: 11.0pt;\">En ning\u00fan caso podr\u00e1 retenerse el pago de las facturas debidas al Transitario, incluyendo costos y gastos, como consecuencia de demandas o reclamaciones derivadas de reservas realizadas por el Cliente por presuntas p\u00e9rdidas o da\u00f1os en las mercanc\u00edas. <\/span><\/p>\n<p class=\"Default\"><b><span style=\"font-size: 11.0pt;\">11.- DERECHO DE RETENCION.- <\/span><\/b><\/p>\n<p class=\"Default\"><span style=\"font-size: 11.0pt;\">Independientemente de cualquier motivo, el Transitario tiene derecho en general y en particular a retener la mercanc\u00eda transportada de clientes que no hayan abonado las cantidades que les sean debidas en virtud de los servicios que le encomienden. Podr\u00e1 hacer valer e\u00e9ste derecho por cualquier medio que estime procedente y sea admisible con arreglo a las leyes. Si las mercanc\u00edas se perdieran o destruyesen, el Transitario tendr\u00e1 los mismos derechos mencionados anteriormente respecto a las indemnizaciones que sean satisfechas por las compa\u00f1\u00edas de seguros, empresas de transporte u otros. <\/span><\/p>\n<p class=\"Default\"><b><span style=\"font-size: 11.0pt;\">12.- LEY VIGENTE Y JURISDICCI\u00d3N.- <\/span><\/b><\/p>\n<p class=\"Default\"><span style=\"font-size: 11.0pt;\">Los servicios prestados por el Transitario se regir\u00e1n e interpretar\u00e1n de conformidad con las Leyes Espa\u00f1olas. Para cualquier reclamaci\u00f3n, ser\u00e1n competentes los Juzgados y Tribunales correspondientes a la oficina del Transitario con la que el cliente hubiese contratado el servicio. <\/span><\/p>\n<p class=\"Default\"><b><span style=\"font-size: 11.0pt;\">13.- INDEPENDENCIA.-<\/span><\/b><\/p>\n<p class=\"Default\"><span style=\"font-size: 11.0pt;\">Los t\u00e9rminos de estas condiciones generales de contrataci\u00f3n son independientes entre s\u00ed. En el caso en que alguna parte de estas Condiciones<b> se declarase inv\u00e1lida, no se ver\u00e1n afectadas las restantes.<\/b><\/span><\/p>\n","protected":false},"excerpt":{"rendered":"<p>CONDICIONES GENERALES DE CONTRATACI\u00d3N PARA LA ORGANIZACI\u00d3N DEL TRANSPORTE DE MERCANC\u00cdAS Las presentes Condiciones Generales se encuentran a disposici\u00f3n de nuestros clientes tanto en las oficinas de Altair Consultores Log\u00edsticos, [&hellip;]<\/p>\n<p><a href=\"https:\/\/altaircl.com\/en\/general-contracting-conditions\/\" class=\"more-link style1-button\">Read More<\/a><\/p>","protected":false},"author":1,"featured_media":0,"parent":0,"menu_order":0,"comment_status":"closed","ping_status":"closed","template":"","meta":[],"_links":{"self":[{"href":"https:\/\/altaircl.com\/en\/wp-json\/wp\/v2\/pages\/701"}],"collection":[{"href":"https:\/\/altaircl.com\/en\/wp-json\/wp\/v2\/pages"}],"about":[{"href":"https:\/\/altaircl.com\/en\/wp-json\/wp\/v2\/types\/page"}],"author":[{"embeddable":true,"href":"https:\/\/altaircl.com\/en\/wp-json\/wp\/v2\/users\/1"}],"replies":[{"embeddable":true,"href":"https:\/\/altaircl.com\/en\/wp-json\/wp\/v2\/comments?post=701"}],"version-history":[{"count":3,"href":"https:\/\/altaircl.com\/en\/wp-json\/wp\/v2\/pages\/701\/revisions"}],"predecessor-version":[{"id":704,"href":"https:\/\/altaircl.com\/en\/wp-json\/wp\/v2\/pages\/701\/revisions\/704"}],"wp:attachment":[{"href":"https:\/\/altaircl.com\/en\/wp-json\/wp\/v2\/media?parent=701"}],"curies":[{"name":"wp","href":"https:\/\/api.w.org\/{rel}","templated":true}]}}