{"id":696,"date":"2021-01-07T20:12:37","date_gmt":"2021-01-07T19:12:37","guid":{"rendered":"https:\/\/altaircl.com\/?page_id=696"},"modified":"2021-10-04T12:07:32","modified_gmt":"2021-10-04T10:07:32","slug":"privacy-policy","status":"publish","type":"page","link":"https:\/\/altaircl.com\/en\/privacy-policy\/","title":{"rendered":"Privacy Policy"},"content":{"rendered":"<h1><span style=\"font-size: 18pt;\">1\u00a0 Pol\u00edtica de privacidad<\/span><\/h1>\n<p><strong>Identificaci\u00f3n del Responsable de Tratamiento:<\/strong><\/p>\n<p>&#8211;\u00a0\u00a0\u00a0\u00a0\u00a0\u00a0 Identidad: ALTAIR CONSULTORES LOGISTICOS, S.L.<\/p>\n<p>&#8211;\u00a0\u00a0\u00a0\u00a0\u00a0\u00a0 Direcci\u00f3n: Doctor Fleming 51, 28036, MADRID<\/p>\n<p>&#8211;\u00a0\u00a0\u00a0\u00a0\u00a0\u00a0 Tel\u00e9fono: 91 350 14 15<\/p>\n<p>&#8211;\u00a0\u00a0\u00a0\u00a0\u00a0\u00a0 Correo electr\u00f3nico: Rgpd@altaircl.com<\/p>\n<p>En ALTAIR CONSULTORES LOGISTICOS, S.L. tratamos la informaci\u00f3n que nos facilita con el fin de dar respuesta a la solicitud realizada por usted en relaci\u00f3n con los servicios que prestamos y los productos que suministramos. Usted tiene derecho a obtener confirmaci\u00f3n sobre si en ALTAIR CONSULTORES LOGISTICOS, S.L. estamos tratando sus datos personales por tanto tiene derecho a acceder a sus datos personales, rectificar los datos inexactos o solicitar su supresi\u00f3n cuando los datos ya no sean necesarios. Asimismo, podr\u00e1 oponerse al tratamiento de sus datos, solicitar la limitaci\u00f3n al tratamiento y la portabilidad de sus datos.\u00a0 Si considera que sus datos personales no han sido tratados conforme a la normativa, puede contactar con soporte@altaircl.com. Asimismo, podr\u00e1 presentar una reclamaci\u00f3n ante la Agencia Espa\u00f1ola de Protecci\u00f3n de Datos, especialmente cuando no haya obtenido la satisfacci\u00f3n en el ejercicio de sus derechos, a trav\u00e9s de la sede electr\u00f3nica en <a href=\"http:\/\/www.aepd.es\">www.aepd.es<\/a>.<\/p>\n<p>Asimismo, se desean utilizar sus datos para ofrecerle productos y servicios relacionados con los solicitados por Usted, por cualquier medio, incluido el electr\u00f3nico, incluso una vez terminada la relaci\u00f3n negocial\/contractual.<\/p>\n<p>Podr\u00e1 revocar su consentimiento en cualquier momento en la direcci\u00f3n soporte@altaircl.com. Puede consultar la informaci\u00f3n adicional al tratamiento de sus datos en https:\/\/altaircl.com\/politica-de-privacidad\/#politicaprivac<\/p>\n<p><strong><u>Informaci\u00f3n adicional<\/u><\/strong><\/p>\n<p><strong>Identificaci\u00f3n del Responsable de Tratamiento:<\/strong><\/p>\n<p>&#8211;\u00a0\u00a0\u00a0\u00a0\u00a0\u00a0 Identidad: ALTAIR CONSULTORES LOGISTICOS, S.L.<\/p>\n<p>&#8211;\u00a0\u00a0\u00a0\u00a0\u00a0\u00a0 Direcci\u00f3n: Doctor Fleming 51, 28036, MADRID<\/p>\n<p>&#8211;\u00a0\u00a0\u00a0\u00a0\u00a0\u00a0 Tel\u00e9fono: 91 350 14 15<\/p>\n<p>&#8211;\u00a0\u00a0\u00a0\u00a0\u00a0\u00a0 Correo electr\u00f3nico: Rgpd@altaircl.com<\/p>\n<p><strong>\u00a0<\/strong><strong>Finalidad del Tratamiento de sus datos personales:<\/strong><\/p>\n<p>La finalidad del tratamiento ser\u00e1 la de gestionar la petici\u00f3n realizada a trav\u00e9s de la web ya sea a trav\u00e9s de formulario de contacto o cualquier otro tipo de impreso on-line, o bien a trav\u00e9s de una petici\u00f3n por correo electr\u00f3nico. Tal petici\u00f3n podr\u00e1 ser, sin car\u00e1cter limitativo, la gesti\u00f3n de una petici\u00f3n, la contestaci\u00f3n a una solicitud de informaci\u00f3n comercial, la solicitud de empleo o, en su caso, el alta en boletines informativos de la empresa, as\u00ed como cualquier otra interacci\u00f3n entre el usuario de la web ALTAIR CONSULTORES LOGISTICOS, S.L. que tienda a satisfacer la necesidad del usuario. Todos los datos solicitados son necesarios para poder atender la solicitud.<\/p>\n<p>Igualmente, los datos facilitados tambi\u00e9n ser\u00e1n tratados para remitirle informaci\u00f3n comercial sobre nuestros productos y servicios que pudieran resultar de su inter\u00e9s, por v\u00eda postal, correo electr\u00f3nico, SMS, o cualquier otro medio de comunicaci\u00f3n electr\u00f3nica equivalente. En caso de que el usuario no deseara este \u00faltimo tratamiento tendr\u00e1 oportunidad de oponerse a la recepci\u00f3n de las comunicaciones comerciales, no marcando la casilla correspondiente en el propio formulario de informaci\u00f3n o contacto, o incluso ejercitando su derecho de oposici\u00f3n en la direcci\u00f3n anteriormente mencionada.<\/p>\n<p>El acceso a este sitio web puede implicar la utilizaci\u00f3n de cookies. Las cookies son peque\u00f1as cantidades de informaci\u00f3n que se almacenan en el navegador utilizado por el usuario, de manera que el servidor registra informaci\u00f3n que puede utilizarse en accesos posteriores. La informaci\u00f3n almacenada permite identificar a un usuario concreto y tener registrada informaci\u00f3n sobre sus preferencias, p\u00e1ginas que visite, etc. Si no desea permitir la instalaci\u00f3n de cookies en su ordenador deber\u00e1 configurar su navegador a tal efecto.<\/p>\n<p><strong>Tiempo de conservaci\u00f3n<\/strong><\/p>\n<p>La informaci\u00f3n relativa a su persona ser\u00e1 conservada durante el periodo de vigencia de la relaci\u00f3n comercial, o el inter\u00e9s por el que est\u00e9 leyendo la presente pol\u00edtica (por ejemplo, si ha enviado un CV, o se ha suscrito a una newsletter) mientras no se solicite la supresi\u00f3n de sus datos, durante el plazo de prescripci\u00f3n de las acciones que pudieran surgir en relaci\u00f3n con el presente contrato; as\u00ed como por cualquier reclamaci\u00f3n que pudi\u00e9ramos recibir por parte de organismos oficiales en cumplimiento de normas legislativas.<\/p>\n<p><strong>Informaci\u00f3n para enviarle comunicaciones comerciales<\/strong><\/p>\n<p>Los datos personales proporcionados para el env\u00edo de comunicaciones comerciales se seguir\u00e1n conservando hasta que Usted no revoque el consentimiento, todo ello sin perjuicio de su derecho de supresi\u00f3n u oposici\u00f3n.<\/p>\n<p><strong>Legitimaci\u00f3n para el tratamiento de sus datos<\/strong><\/p>\n<p>La base legal para el tratamiento de sus datos es la ejecuci\u00f3n de la relaci\u00f3n comercial en la que Usted es parte, de manera que podamos gestionar, desarrollar y controlar la correspondiente relaci\u00f3n comercial y contractual. Todos los datos que le solicitamos tienen el car\u00e1cter de obligatorio, por lo que la inobservancia de algunos puede imposibilitar la prestaci\u00f3n de los servicios que ofrecemos a trav\u00e9s de nuestra p\u00e1gina web.<\/p>\n<p>En relaci\u00f3n con el env\u00edo de comunicaciones comerciales por medios electr\u00f3nicos \u2013 a ra\u00edz de una relaci\u00f3n contractual previa \u2013\u00a0\u00a0 la base legal es el inter\u00e9s leg\u00edtimo \u2013 en caso de estimarlo necesario, se le puede facilitar el informe sobre el examen de ponderaci\u00f3n \u2013 de ALTAIR CONSULTORES LOGISTICOS, S.L. en virtud del art\u00edculo 21.2 de la Ley de Servicios de la Sociedad de la Informaci\u00f3n.<\/p>\n<p>En relaci\u00f3n con el env\u00edo de comunicaciones comerciales por cualquier medio, incluidos los electr\u00f3nicos &#8211; al margen de cualquier relaci\u00f3n contractual, pero en base a un inter\u00e9s leg\u00edtimo ya que Usted se dirige a la entidad &#8211; la base legal es el consentimiento que se le solicita en su momento y Usted otorga libremente. En caso de no obtener su consentimiento, ALTAIR CONSULTORES LOGISTICOS, S.L. se compromete a no tratar sus datos con fines publicitarios. Podr\u00e1 revocar el consentimiento en cualquier momento.<\/p>\n<p><strong>Comunicaci\u00f3n o Cesi\u00f3n de datos y transferencia internacional de datos:<\/strong><\/p>\n<p>ALTAIR CONSULTORES LOGISTICOS, S.L. podr\u00e1 comunicar sus datos personales a aquellas administraciones p\u00fablicas con competencia en la materia y en el caso de que exista obligaci\u00f3n legal de hacerlo.<\/p>\n<p>No obstante, si en alg\u00fan momento de la relaci\u00f3n comercial fuera necesario comunicar sus datos a terceros para nuevas finalidades, dicha comunicaci\u00f3n se realizar\u00e1 cuando ALTAIR CONSULTORES LOGISTICOS, S.L. cuente con su consentimiento previo para ello y en la forma legalmente exigida.<\/p>\n<p>Igualmente, existen terceras personas que, como consecuencia de servicios prestados a ALTAIR CONSULTORES LOGISTICOS, S.L. puedan acceder a sus datos personales.<\/p>\n<p>No efectuamos ninguna trasferencia internacional de sus datos personales.<\/p>\n<p><strong>Derechos:<\/strong><\/p>\n<p>Cualquier persona tiene derecho a obtener confirmaci\u00f3n sobre si en ALTAIR CONSULTORES LOGISTICOS, S.L. estamos tratando datos personales que les conciernan, y en tal caso, derecho de acceso a sus datos personales, a los fines del tratamiento, y a las categor\u00edas de datos personales de que se trate.<\/p>\n<p>Asimismo, tendr\u00e1 derecho a solicitar la rectificaci\u00f3n de los datos inexactos o, en su caso, solicitar su supresi\u00f3n cuando, los datos ya no sean necesarios para los fines que fueron recogidos; se haya retirado el consentimiento en el que se basa el tratamiento o se oponga al tratamiento; los datos personales se hayan tratado de manera il\u00edcita; o deban suprimirse para el cumplimiento de una obligaci\u00f3n legal establecida en el derecho de la Uni\u00f3n o de los Estados miembros.<\/p>\n<p>Podr\u00e1 solicitar la limitaci\u00f3n del tratamiento de sus datos cuando, impugne la exactitud de los datos personales durante el plazo que permita al responsable verificar la exactitud de los mismos; el tratamiento sea il\u00edcito y el interesado se oponga a la supresi\u00f3n de los datos personales y solicite en su lugar la limitaci\u00f3n de su uso; el responsable ya no necesite los datos personales para los fines del tratamiento, pero el interesado los necesite para la formulaci\u00f3n, el ejercicio o la defensa de reclamaciones; o el interesado se haya opuesto al tratamiento, mientras se verifica si los motivos leg\u00edtimos del responsable prevalecen sobre los del interesado. En tales casos, \u00fanicamente conservaremos los datos para el ejercicio o la defensa de reclamaciones.<\/p>\n<p>En determinadas circunstancias y por motivos relacionados con su situaci\u00f3n particular, usted podr\u00e1 oponerse al tratamiento de sus datos. ALTAIR CONSULTORES LOGISTICOS, S.L. dejar\u00e1 de tratar los datos, salvo por motivos leg\u00edtimos imperiosos, o el ejercicio o la defensa de posibles reclamaciones.<\/p>\n<p>Tendr\u00e1 derecho a recibir los datos personales que le incumban, y que haya facilitado, en un formato estructurado, y a transmitirlos a otro responsable del tratamiento sin que lo impida el responsable al que se los hubiera facilitado, cuando, el tratamiento este basado en el consentimiento; o le tratamiento se efect\u00fae por medios automatizados.<\/p>\n<p>Cuando las personas afectadas ejerzan los derechos de acceso, rectificaci\u00f3n, supresi\u00f3n y oposici\u00f3n, limitaci\u00f3n del tratamiento, portabilidad de datos y a no ser objeto de decisiones individualizadas automatizadas, deber\u00e1n comunicarlo por correo electr\u00f3nico a la direcci\u00f3n ALTAIR CONSULTORES LOGISTICOS, S.L. Finalmente, en los t\u00e9rminos establecidos en la legislaci\u00f3n vigente; podr\u00e1n revocar los consentimientos que nos hayan ido facilitando, teniendo las personas interesadas la posibilidad de presentar una reclamaci\u00f3n ante la Agencia Espa\u00f1ola de Protecci\u00f3n de Datos.<\/p>\n<p><strong>Procedencia<\/strong><\/p>\n<p>Los datos personales que tratamos en ALTAIR CONSULTORES LOGISTICOS, S.L. proceden del propio interesado.<\/p>\n<p><strong>Informaci\u00f3n adicional<\/strong><\/p>\n<p>Los usuarios garantizan y responden, en cualquier caso, de la veracidad, exactitud, vigencia, autenticidad de los Datos Personales proporcionados, y se comprometen a mantenerlos debidamente actualizados. Asimismo, los usuarios garantizan ser mayores de 14 a\u00f1os.<\/p>\n<p>En caso de que se facilitaran datos de car\u00e1cter personal, por personas no titulares de los mismos, el usuario deber\u00e1, con car\u00e1cter previo a su inclusi\u00f3n, informar a dichas personas de los extremos contenidos en los p\u00e1rrafos anteriores. En estos casos, el usuario garantiza que los datos informados son de mayores de 14 a\u00f1os y que la informaci\u00f3n es exacta y veraz. ALTAIR CONSULTORES LOGISTICOS, S.L. quedar\u00e1 exenta de cualquier responsabilidad por el incumplimiento por parte del usuario de estos requisitos.<\/p>\n<p>ALTAIR CONSULTORES LOGISTICOS, S.L.] ha adoptado los niveles de seguridad de protecci\u00f3n de los Datos Personales legalmente requeridos, y ha instalado todos los medios y medidas t\u00e9cnicas a disposici\u00f3n seg\u00fan el estado de la tecnolog\u00eda para evitar la p\u00e9rdida, mal uso, alteraci\u00f3n, acceso no autorizado y robo de los Datos Personales facilitados.<\/p>\n<p>El usuario cuenta con la confidencialidad y el deber de secreto de los empleados de ALTAIR CONSULTORES LOGISTICOS, S.L. y de todos aquellos que traten los datos en nombre y por cuenta del mismo. Sin perjuicio de lo anterior, el usuario es consciente de la posibilidad de que la seguridad de las comunicaciones a trav\u00e9s de red no sea invulnerable.<\/p>\n","protected":false},"excerpt":{"rendered":"<p>1\u00a0 Pol\u00edtica de privacidad Identificaci\u00f3n del Responsable de Tratamiento: &#8211;\u00a0\u00a0\u00a0\u00a0\u00a0\u00a0 Identidad: ALTAIR CONSULTORES LOGISTICOS, S.L. &#8211;\u00a0\u00a0\u00a0\u00a0\u00a0\u00a0 Direcci\u00f3n: Doctor Fleming 51, 28036, MADRID &#8211;\u00a0\u00a0\u00a0\u00a0\u00a0\u00a0 Tel\u00e9fono: 91 350 14 15 &#8211;\u00a0\u00a0\u00a0\u00a0\u00a0\u00a0 Correo [&hellip;]<\/p>\n<p><a href=\"https:\/\/altaircl.com\/en\/privacy-policy\/\" class=\"more-link style1-button\">Read More<\/a><\/p>","protected":false},"author":1,"featured_media":0,"parent":0,"menu_order":0,"comment_status":"closed","ping_status":"open","template":"","meta":[],"_links":{"self":[{"href":"https:\/\/altaircl.com\/en\/wp-json\/wp\/v2\/pages\/696"}],"collection":[{"href":"https:\/\/altaircl.com\/en\/wp-json\/wp\/v2\/pages"}],"about":[{"href":"https:\/\/altaircl.com\/en\/wp-json\/wp\/v2\/types\/page"}],"author":[{"embeddable":true,"href":"https:\/\/altaircl.com\/en\/wp-json\/wp\/v2\/users\/1"}],"replies":[{"embeddable":true,"href":"https:\/\/altaircl.com\/en\/wp-json\/wp\/v2\/comments?post=696"}],"version-history":[{"count":4,"href":"https:\/\/altaircl.com\/en\/wp-json\/wp\/v2\/pages\/696\/revisions"}],"predecessor-version":[{"id":1102,"href":"https:\/\/altaircl.com\/en\/wp-json\/wp\/v2\/pages\/696\/revisions\/1102"}],"wp:attachment":[{"href":"https:\/\/altaircl.com\/en\/wp-json\/wp\/v2\/media?parent=696"}],"curies":[{"name":"wp","href":"https:\/\/api.w.org\/{rel}","templated":true}]}}