{"id":692,"date":"2021-01-07T20:11:27","date_gmt":"2021-01-07T19:11:27","guid":{"rendered":"https:\/\/altaircl.com\/?page_id=692"},"modified":"2021-01-07T20:11:53","modified_gmt":"2021-01-07T19:11:53","slug":"aviso-legal","status":"publish","type":"page","link":"https:\/\/altaircl.com\/en\/aviso-legal\/","title":{"rendered":"Legal warning"},"content":{"rendered":"<div  class=\"tatsu-gjgoj1ifz54jcy43 tatsu-section  tatsu-bg-overlay   tatsu-clearfix\" data-title=\"\"  data-headerscheme=\"background--dark\"><div class='tatsu-section-pad clearfix' data-padding='{\"d\":\"90px 0px 90px 0px\"}' data-padding-top='90px'><div class=\"tatsu-row-wrap  tatsu-wrap tatsu-row-one-col tatsu-row-has-one-cols tatsu-medium-gutter tatsu-reg-cols  tatsu-clearfix tatsu-gjgoj1ig1vbhpf2\" ><div  class=\"tatsu-row \" ><div  class=\"tatsu-column  tatsu-bg-overlay tatsu-one-col tatsu-column-image-none tatsu-column-effect-none  tatsu-gjgoj1ig4w675lpu\"  data-parallax-speed=\"0\" style=\"\"><div class=\"tatsu-column-inner \" ><div class=\"tatsu-column-pad-wrap\"><div class=\"tatsu-column-pad\" ><div  class=\"tatsu-module tatsu-text-block-wrap tatsu-gjgoj1ig7p82cw6q  \"><div class=\"tatsu-text-inner tatsu-align-center  clearfix\" ><style>.tatsu-gjgoj1ig7p82cw6q.tatsu-text-block-wrap .tatsu-text-inner{width: 100%;text-align: left;}<\/style>\n<p><strong><span style=\"font-size: 18pt;\">AVISO LEGAL<\/span><\/strong><\/p>\n<p>Cl\u00e1usula de informaci\u00f3n general para dar cumplimiento al art\u00edculo 10 de la Ley 34\/2002 de Servicios de la Sociedad de la Informaci\u00f3n y el Comercio Electr\u00f3nico.<\/p>\n<p>Nombre de dominio: www.Altaircl.com.com<\/p>\n<p>Titular de la p\u00e1gina web: Altair Consultores Logisticos<\/p>\n<p>N\u00famero de identificaci\u00f3n fiscal:B81317844<\/p>\n<p>Direcci\u00f3n postal completa: Calle Doctor Fleming 51, 28036 Madrid<\/p>\n<p>Contacto: Tel.: 91 350 14 15 e-mail: Altaircl@Altaircl.com<\/p>\n<p>Indicar datos Registrales de LA EMPRESA<\/p>\n<p>CONDICIONES DE USO DE LA WEB.<\/p>\n<p><strong>CONDICIONES DE USO DEL SITIO WEB<\/strong><\/p>\n<p><strong>www.altaircl.com.com<\/strong><\/p>\n<p><u>1.- PROPIEDAD, USO RESPONSABLE Y FINALIDAD DEL SITIO WEB.<\/u><\/p>\n<p>Este sitio web es propiedad de Altair Consultores Logisticos y su contenido tiene un car\u00e1cter informativo de los servicios y productos que ofrece esta Entidad. Asimismo se facilitar\u00e1 respuesta a las solicitudes de informaci\u00f3n enviadas por los usuarios a trav\u00e9s de correo electr\u00f3nico, tel\u00e9fono o formularios web. Adem\u00e1s la entidad podr\u00e1 recibir curriculum vitae y enviar noticias a los usuarios que realizaran su suscripci\u00f3n, todo ello, sujeto a la pol\u00edtica de la Entidad en materia de protecci\u00f3n de datos y que se detalla en la pol\u00edtica de privacidad de estas condiciones de uso.<\/p>\n<p>El hecho de acceder a este sitio web implica el conocimiento y aceptaci\u00f3n de los siguientes t\u00e9rminos y condiciones de uso de su contenido, as\u00ed como la aceptaci\u00f3n de la pol\u00edtica establecida en materia de protecci\u00f3n de datos cuando se faciliten datos de car\u00e1cter personal propios o de terceros, y atribuye la condici\u00f3n del usuario del Portal y el acceso al mismo implica su aceptaci\u00f3n sin reservas.<\/p>\n<p>Salvo indicaci\u00f3n expresa en contrario, el acceso a la informaci\u00f3n mostrada en las p\u00e1ginas del portal, es totalmente gratuita.<\/p>\n<p>Altair Consultores Logisticos, titular del web, se reserva la facultad de efectuar, en cualquier momento y sin necesidad de aviso previo, modificaciones y actualizaciones de la informaci\u00f3n contenida en su web o en la configuraci\u00f3n y presentaci\u00f3n de \u00e9ste.<\/p>\n<p>Altair Consultores Logisticos no garantiza la inexistencia de errores en el acceso a la web, en su contenido o en la actualizaci\u00f3n de \u00e9ste. Sin embargo, pondr\u00e1 todos los medios a su alcance para evitarlos, subsanarlos o actualizarlos.<\/p>\n<p>Tanto el acceso a esta web como el uso que pueda hacerse de la informaci\u00f3n contenida en la misma es responsabilidad exclusiva de quien lo realiza. Altair Consultores Logisticos no responder\u00e1 de ninguna consecuencia, mal funcionamiento, da\u00f1o o perjuicio que pudieran derivarse de dicho acceso o uso de la informaci\u00f3n ajenas a su voluntad.<\/p>\n<p>El usuario asumir\u00e1 todos los gastos, costes e indemnizaciones que pudieran derivarse de procesos iniciados contra \u00e9l por incumplimiento de lo establecido en las condiciones de uso.<\/p>\n<p>Altair Consultores Logisticos no se responsabiliza del estado de la conexi\u00f3n de acceso o de los contenidos de los enlaces de terceros a los que se hace referencia en la web.<\/p>\n<p>Los datos correspondientes a la titularidad del sitio web y que dan cumplimiento al art\u00edculo 10 de la LSSI se pueden consultar en el apartado Aviso Legal que se encuentra al pie de p\u00e1gina de este sitio en Internet.<\/p>\n<p>La finalidad de este sitio web es el descrito a continuaci\u00f3n: informar a los usuarios de los servicios y productos ofrecidos por Altair Consultores Logisticos, facilitar la informaci\u00f3n que los usuarios soliciten y el env\u00edo del newsletter a los usuarios que se registren y lo soliciten en caso de ofrecer este servicio, as\u00ed como, en su caso, la recepci\u00f3n de curriculum vitae de los usuarios que deseen remitirlo a LA EMPRESA y el suministro de los productos adquiridos a trav\u00e9s de la tienda.<\/p>\n<p><u>2.- PROPIEDAD INTELECTUAL E INDUSTRIAL.<\/u><\/p>\n<p>Quedan reservados todos los derechos de Propiedad Industrial e Intelectual de los elementos que integran el dise\u00f1o gr\u00e1fico de su p\u00e1gina web, los men\u00fas, botones de navegaci\u00f3n, el c\u00f3digo HTML, los applets de Java o Java Script, los controles de Actives, los textos, im\u00e1genes, texturas, gr\u00e1ficos y cualquier otro contenido del \u201cweb site\u201d o, en cualquier caso, dispone de autorizaci\u00f3n para la utilizaci\u00f3n de dichos elementos.<\/p>\n<p>Asimismo, Altair Consultores Logisticos es titular de los derechos de propiedad industrial derivados del uso de marcas, signos distintivos y nombres comerciales, excepto los correspondientes a patrocinadores, sponsor, anunciantes, etc., que pudieran aparecer en este sitio web, as\u00ed como los correspondientes a enlaces que puedan realizarse desde esta p\u00e1gina web.<\/p>\n<p>Las fotograf\u00edas que pudieran aparecer en el sitio web o a trav\u00e9s de enlaces a otras p\u00e1ginas, no podr\u00e1n ser utilizadas por el usuario con ninguna finalidad, sin la autorizaci\u00f3n de su propietario. La utilizaci\u00f3n indebida de las mismas por parte del usuario le har\u00e1 responsable \u00fanico frente a Altair Consultores Logisticos y frente a terceros, de los da\u00f1os ocasionados as\u00ed como de los incumplimientos legales que pudieran derivarse de la utilizaci\u00f3n de las mismas.<\/p>\n<p>Altair Consultores Logisticos se reserva los derechos de reproducci\u00f3n, modificaci\u00f3n, adaptaci\u00f3n, comunicaci\u00f3n p\u00fablica, mantenimiento, correcci\u00f3n de errores, cesi\u00f3n, venta, alquiler, pr\u00e9stamo y\/o cualquier otro derecho de propiedad intelectual o industrial que pueda corresponderle sobre los contenidos del web site. Cualquier ejercicio de los anteriores derechos, con independencia del medio o forma en el que se produjeran, requiere autorizaci\u00f3n previa y por escrito de Altair Consultores Logisticos.<\/p>\n<p>En ning\u00fan caso, Altair Consultores Logisticos ser\u00e1 responsable de las posibles infracciones que en materia de propiedad intelectual e industrial pudiera cometer cualquier usuario del web site.<\/p>\n<p>Altair Consultores Logisticos se reserva el derecho a modificar el contenido y elementos que integran su web site, sin necesidad de comunicarlo previamente, cuando lo estime conveniente de acuerdo con el ejercicio de sus servicios.<\/p>\n<p>Altair Consultores Logisticos no se responsabiliza de la integridad y veracidad del contenido de los enlaces a las web sites a los que pueda accederse desde su p\u00e1gina Web.<\/p>\n<p>Altair Consultores Logisticos pone a disposici\u00f3n de los usuarios un grupo de profesionales encargados de actualizar y revisar la veracidad y la integridad del contenido de las informaciones vertidas en el web site. Sin embargo, dada la naturaleza del medio y los posibles riesgos de interrupci\u00f3n del servicio, alteraci\u00f3n del acceso o de los contenidos del web site por parte de terceros, Altair Consultores Logisticos excluye cualquier responsabilidad que pudiera surgir de los contenidos que figuran en su web site.<\/p>\n<p><u>3.- DATOS PERSONALES Y COOKIES.<\/u><\/p>\n<p><strong>\u00a0<\/strong>En cumplimiento de lo establecido en la normativa de protecci\u00f3n de datos le informamos de los siguientes aspectos:<\/p>\n<p><strong>Identificaci\u00f3n del Responsable de Tratamiento:<\/strong><\/p>\n<ul>\n<li>Identidad: Altair Consultores Logisticos<\/li>\n<li>Direcci\u00f3n: Calle Doctor Fleming 51 28036 Madrid<\/li>\n<li>Tel\u00e9fono: 91 350 14 15<\/li>\n<li>Correo electr\u00f3nico: Rgpd@altaircl.com<\/li>\n<\/ul>\n<p><strong>Contenido y aceptaci\u00f3n\u00a0<\/strong><\/p>\n<p>Se informa al usuario del tratamiento y protecci\u00f3n de los datos de car\u00e1cter personal recabados a trav\u00e9s del Sitio Web, a fin de que determinen libre y voluntariamente si desean facilitar sus datos personales a trav\u00e9s del presente Sitio Web.<\/p>\n<p>El acceso y uso del Sitio Web implica la plena aceptaci\u00f3n por parte del Usuario del presente documento de Tratamiento de Datos Personales y se obliga a cumplir por completo los t\u00e9rminos y condiciones recogidos en la misma. Por lo tanto, el Usuario debe leer atentamente el presente documento de Tratamiento de Datos Personales en cada una de las ocasiones en que se proponga utilizar el Sitio Web, ya que \u00e9ste puede sufrir modificaciones.<\/p>\n<p>El presente documento de Tratamiento de Datos Personales ser\u00e1 v\u00e1lido \u00fanicamente para los datos de car\u00e1cter personal obtenidos en el Sitio Web, no siendo aplicable para aquella informaci\u00f3n recabada por terceros en otras p\u00e1ginas web, incluso si \u00e9stas se encuentran enlazadas por el Sitio Web.<\/p>\n<p><strong>\u00a0<\/strong><strong>Finalidad del tratamiento de sus datos personales:<\/strong><\/p>\n<p>Gestionar la navegaci\u00f3n del Usuario a trav\u00e9s del Sitio Web, en su caso, as\u00ed como para las finalidades que se indiquen en cada uno de los formularios habilitados en el Sitio Web.<\/p>\n<p>Altair Consultores Logisticos tratar\u00e1 los datos de car\u00e1cter personal facilitados por el usuario mediante los correspondientes formularios o por correo electr\u00f3nico, a fin de dar respuesta a las solicitudes enviadas, gestionar los c.v. que podamos recibir, as\u00ed como enviar informaci\u00f3n relacionada con nuestros productos y servicios.<\/p>\n<p>Asimismo la entidad utilizar\u00e1, en su caso, su informaci\u00f3n para poder suministrarle los productos adquiridos y realizar la facturaci\u00f3n de los mismos.<\/p>\n<p>Se garantiza la confidencialidad de los datos de car\u00e1cter personal facilitados y el cumplimiento de toda la normativa aplicable al efecto.<\/p>\n<p>Los usuarios garantizan y responden, en cualquier caso, de la veracidad, exactitud, vigencia, autenticidad de los Datos Personales proporcionados, y se comprometen a mantenerlos debidamente actualizados. Asimismo, los usuarios garantizan ser mayores de 14 a\u00f1os. No obstante los usuarios de la tienda, garantizar\u00e1n ser mayores de edad y estar en plena capacidad para contratar.<\/p>\n<p>Asimismo, al pulsar en el bot\u00f3n \u201cEnviar\u201d (o equivalente) incorporado en los citados formularios, el Usuario declara que la informaci\u00f3n y los datos que en ellos ha facilitado son exactos y veraces.<\/p>\n<p>Los datos proporcionados se conservar\u00e1n mientras se mantenga la relaci\u00f3n comercial o durante los a\u00f1os necesarios para cumplir con las obligaciones legales.<\/p>\n<p>En caso de que se facilitaran datos de car\u00e1cter personal, por personas no titulares de los mismos, el usuario deber\u00e1, con car\u00e1cter previo a su inclusi\u00f3n, informar a dichas personas de los extremos contenidos en los p\u00e1rrafos anteriores. En estos casos, el usuario garantiza que los datos informados son de mayores de 14 a\u00f1os y que la informaci\u00f3n es exacta y veraz. Altair Consultores Logisticos quedar\u00e1 exenta de cualquier responsabilidad por el incumplimiento por parte del usuario de estos requisitos.<\/p>\n<p><strong>Legitimaci\u00f3n para el tratamiento de sus datos:<\/strong><\/p>\n<p>La base legal para el tratamiento de sus datos es el inter\u00e9s leg\u00edtimo para dar respuesta a las solicitudes enviadas por usted.<\/p>\n<p>Asimismo, se solicita el consentimiento expreso para aquellas finalidades no contempladas en los casos anteriores como el env\u00edo de informaci\u00f3n comercial. De dar su consentimiento, a trav\u00e9s de la casilla que aparecer\u00e1 en los formularios de recogida de datos, Altair Consultores Logisticos podr\u00eda ponerse en contacto con el Usuario por correo ordinario, correo electr\u00f3nico, SMS, o cualquier otro medio de comunicaci\u00f3n electr\u00f3nica equivalente, para remitirle comunicaciones comerciales relacionada con los productos y\/servicios que ofrecemos.<\/p>\n<p>Si en un determinado momento el Usuario no desea seguir recibiendo comunicaciones de esta naturaleza, podr\u00e1 revocar su consentimiento mediante el env\u00edo de la notificaci\u00f3n a la siguiente direcci\u00f3n\u00a0<a href=\"mailto:Rgpd@altaircl.com\">Rgpd@altaircl.com<\/a>, aportando copia de un documento que permita acreditar su identidad, o bien utilizando el link habilitado al efecto en las comunicaciones comerciales que reciba.<\/p>\n<p>Podr\u00e1 revocar los consentimientos para el tratamiento de sus datos, en cualquier momento en la direcci\u00f3n \u00a0<a href=\"mailto:Rgpd@altaircl.com\">Rgpd@altaircl.com<\/a><\/p>\n<p><strong>\u00a0<\/strong><strong>Comunicaci\u00f3n o Cesi\u00f3n de datos y Transferencias Internacionales de Datos:<\/strong><\/p>\n<p>No se comunicar\u00e1n los datos de car\u00e1cter personal del Usuario a terceras empresas sin informarle y recabar su previo consentimiento, salvo que exista exigencia legal.\u00a0Dicha informaci\u00f3n se encontrar\u00e1 en los diferentes formularios de recogida de datos, ofreciendo previamente al Usuario la posibilidad de aceptar o no la cesi\u00f3n, seg\u00fan la finalidad.<\/p>\n<p>No existen transferencias internacionales de datos.<\/p>\n<p><strong>Cookies<\/strong><\/p>\n<p>Al igual que otros sitios web de contenido comercial, el Sitio Web utiliza una tecnolog\u00eda denominada \u201ccookies&#8221;. En la Pol\u00edtica de Cookies est\u00e1 disponible para el Usuario informaci\u00f3n detallada sobre c\u00f3mo utiliza Altair Consultores Logisticos las cookies. Puede consultar la Pol\u00edtica de Cookies aqu\u00ed<a href=\"https:\/\/www.bbva.es\/sistema\/meta\/politica-cookies\/index.jsp\">.<\/a> (VINCULAR AL ENLACE)<\/p>\n<p><strong>Derechos:<\/strong><\/p>\n<p>Cualquier persona tiene derecho a obtener confirmaci\u00f3n sobre si en Altair Consultores Logisticos estamos tratando datos personales que les conciernan, y en tal caso, <strong>derecho de acceso<\/strong> a sus datos personales, a los fines del tratamiento, y a las categor\u00edas de datos personales de que se trate.<\/p>\n<p>Asimismo, tendr\u00e1 derecho a solicitar la <strong>rectificaci\u00f3n<\/strong> de los datos inexactos o, en su caso, solicitar su <strong>supresi\u00f3n<\/strong> cuando, los datos ya no sean necesarios para los fines que fueron recogidos; se haya retirado el consentimiento en el que se basa el tratamiento o se oponga al tratamiento; los datos personales se hayan tratado de manera il\u00edcita; o deban suprimirse para el cumplimiento de una obligaci\u00f3n legal establecida en el derecho de la Uni\u00f3n o de los Estados miembros.<\/p>\n<p>Podr\u00e1 solicitar la <strong>limitaci\u00f3n<\/strong> del tratamiento de sus datos cuando, impugne la exactitud de los datos personales durante el plazo que permita al responsable verificar la exactitud de los mismos; el tratamiento sea il\u00edcito y el interesado se oponga a la supresi\u00f3n de los datos personales y solicite en su lugar la limitaci\u00f3n de su uso; el responsable ya no necesite los datos personales para los fines del tratamiento, pero el interesado los necesite para la formulaci\u00f3n, el ejercicio o la defensa de reclamaciones; o el interesado se haya opuesto al tratamiento, mientras se verifica si los motivos leg\u00edtimos del responsable prevalecen sobre los del interesado. En tales casos, \u00fanicamente conservaremos los datos para el ejercicio o la defensa de reclamaciones.<\/p>\n<p>En determinadas circunstancias y por motivos relacionados con su situaci\u00f3n particular, usted podr\u00e1 oponerse al tratamiento de sus datos. Altair Consultores Logisticos dejar\u00e1 de tratar los datos, salvo por motivos leg\u00edtimos imperiosos, o el ejercicio o la defensa de posibles reclamaciones.<\/p>\n<p>Tendr\u00e1 derecho a recibir los datos personales que le incumban, y que haya facilitado, en un formato estructurado, y a transmitirlos a otro responsable del tratamiento sin que lo impida el responsable al que se los hubiera facilitado, cuando, el tratamiento este basado en el consentimiento; o le tratamiento se efect\u00fae por medios automatizados.<\/p>\n<p>Cuando las personas afectadas ejerzan los derechos de acceso, rectificaci\u00f3n, supresi\u00f3n y oposici\u00f3n, limitaci\u00f3n del tratamiento, portabilidad de datos y a no ser objeto de decisiones individualizadas automatizadas, deber\u00e1n comunicarlo por correo electr\u00f3nico a la direcci\u00f3n Rgpd@altaircl.com<\/p>\n<p>Si considera que sus datos personales no han sido tratados conforme a la normativa, puede contactar con Rgpd@altaircl.com Asimismo podr\u00e1 presentar una reclamaci\u00f3n ante la Agencia Espa\u00f1ola de Protecci\u00f3n de Datos, especialmente cuando no haya obtenido la satisfacci\u00f3n en el ejercicio de sus derechos, a trav\u00e9s de la sede electr\u00f3nica en <a href=\"http:\/\/www.aepd.es\">www.aepd.es<\/a>.<\/p>\n<p><strong>Procedencia<\/strong>:<\/p>\n<p>Los datos personales que tratamos en Altair Consultores Logisticos proceden del propio interesado y son facilitados a trav\u00e9s de los formularios habilitados en la p\u00e1gina Web.<\/p>\n<p><strong>\u00a0<\/strong><strong>Confidencialidad<\/strong><\/p>\n<p>Los datos personales que Altair Consultores Logisticos pueda recabar a trav\u00e9s del Sitio Web o por medio de las distintas comunicaciones que mantenga con el Usuario ser\u00e1n tratados con absoluta confidencialidad, comprometi\u00e9ndose Altair Consultores Logisticos a guardar secreto respecto de los mismos y garantizando el deber de guardarlos adoptando todas las medidas necesarias que eviten su alteraci\u00f3n, p\u00e9rdida, tratamiento o acceso no autorizado, de acuerdo con lo establecido en la legislaci\u00f3n aplicable.<\/p>\n<p><strong>\u00a0<\/strong><strong>Seguridad<\/strong><\/p>\n<p>Altair Consultores Logisticos ha implementado y mantiene los niveles de seguridad adecuados para proteger los datos de car\u00e1cter personal del Usuario frente a p\u00e9rdidas fortuitas y accesos, tratamientos o revelaciones no autorizados, habida cuenta del estado de la tecnolog\u00eda, la naturaleza de los datos almacenados y los riesgos a que est\u00e1n expuestos.<\/p>\n<p><u>4.- HIPERENLACES.<\/u><\/p>\n<p>El establecimiento de cualquier hiperenlace desde una p\u00e1gina web ajena, a cualquiera de las p\u00e1ginas del este sitio web se realizar\u00e1 conforme a las siguientes condiciones:<\/p>\n<ul>\n<li>No se permite la reproducci\u00f3n ni total ni parcial de ninguno de los servicios contenidos en este sitio web.<\/li>\n<li>No se incluir\u00e1 ninguna manifestaci\u00f3n falsa, inexacta o incorrecta sobre las p\u00e1ginas de este sitio web y sus servicios.<\/li>\n<li>LA EMPRESA no ser\u00e1 responsable de los contenidos, informaciones, manifestaciones, opiniones o servicios puestos a disposici\u00f3n del p\u00fablico en la p\u00e1gina web desde la que se establezca un hiperenlace a este sitio web.<\/li>\n<li>Cualquier hiperenlace se efectuar\u00e1 a la p\u00e1gina principal de este sitio web.<\/li>\n<\/ul>\n<p>En el caso de que existan, los hiperenlaces de este sitio web habr\u00e1n sido validados de forma previa con los titulares de las p\u00e1ginas webs enlazadas, no siendo responsable LA EMPRESA de las actividades que realicen los usuarios en dichas p\u00e1ginas enlazadas, especialmente en los casos de que sean contrarios a la ley, la moral y el orden p\u00fablico.<\/p>\n<p><u>5.- VIGENCIA DE LAS CONDICIONES DE USO.<\/u><\/p>\n<p>Las Condiciones de Uso para el uso de esta web tienen car\u00e1cter indefinido y permanecer\u00e1n vigentes mientras el portal est\u00e9 activo. El usuario reconoce haber le\u00eddo las presentes Condiciones y presta su conformidad con las mismas.<\/p>\n<p><u>6.- NULIDAD Y EFICACIA DE LAS CL\u00c1USULAS.<\/u><\/p>\n<p>Si cualquier cl\u00e1usula incluida en estas condiciones fuese declarada total o parcialmente nula o ineficaz, tal nulidad afectar\u00e1 tan s\u00f3lo a dicha disposici\u00f3n o la parte de la misma que resulte nula o ineficaz, subsistiendo en todo lo dem\u00e1s las condiciones.<\/p>\n<p><u>7.- LEY Y JURISDICCI\u00d3N APLICABLES<\/u>.<\/p>\n<p>Las presentes Condiciones de Uso se rigen por la legislaci\u00f3n espa\u00f1ola. En caso de disputa o controversia relacionada con la interpretaci\u00f3n o aplicaci\u00f3n de estas Condiciones Generales, las partes se someten, con renuncia expresa a cualquier otro fuero, a los Juzgados y Tribunales de la ciudad de Toledo.<\/p>\n<\/div><\/div><\/div><\/div><div class = \"tatsu-column-bg-image-wrap\"><div class = \"tatsu-column-bg-image\" ><\/div><\/div><div class=\"tatsu-overlay tatsu-column-overlay tatsu-animate-none\" ><\/div><\/div><style>.tatsu-row > .tatsu-gjgoj1ig4w675lpu.tatsu-column{width: 100%;}.tatsu-gjgoj1ig4w675lpu.tatsu-column > .tatsu-column-inner > .tatsu-column-overlay{mix-blend-mode: normal;}.tatsu-gjgoj1ig4w675lpu > .tatsu-column-inner > .tatsu-top-divider{z-index: 9999;}.tatsu-gjgoj1ig4w675lpu > .tatsu-column-inner > .tatsu-bottom-divider{z-index: 9999;}.tatsu-gjgoj1ig4w675lpu > .tatsu-column-inner > .tatsu-left-divider{z-index: 9999;}.tatsu-gjgoj1ig4w675lpu > .tatsu-column-inner > .tatsu-right-divider{z-index: 9999;}<\/style><\/div><\/div><\/div><\/div><div class=\"tatsu-section-background-wrap\"><div class = \"tatsu-section-background\" ><\/div><\/div><div class=\"tatsu-overlay tatsu-section-overlay\"><\/div><style>.tatsu-gjgoj1ifz54jcy43 .tatsu-section-pad{padding: 90px 0px 90px 0px;}.tatsu-gjgoj1ifz54jcy43 > .tatsu-bottom-divider{z-index: 9999;}.tatsu-gjgoj1ifz54jcy43 > .tatsu-top-divider{z-index: 9999;}.tatsu-gjgoj1ifz54jcy43 .tatsu-section-overlay{mix-blend-mode: normal;}<\/style><\/div>\n","protected":false},"excerpt":{"rendered":"<p><a href=\"https:\/\/altaircl.com\/en\/aviso-legal\/\" class=\"more-link style1-button\">Read More<\/a><\/p>","protected":false},"author":1,"featured_media":0,"parent":0,"menu_order":0,"comment_status":"closed","ping_status":"open","template":"","meta":[],"_links":{"self":[{"href":"https:\/\/altaircl.com\/en\/wp-json\/wp\/v2\/pages\/692"}],"collection":[{"href":"https:\/\/altaircl.com\/en\/wp-json\/wp\/v2\/pages"}],"about":[{"href":"https:\/\/altaircl.com\/en\/wp-json\/wp\/v2\/types\/page"}],"author":[{"embeddable":true,"href":"https:\/\/altaircl.com\/en\/wp-json\/wp\/v2\/users\/1"}],"replies":[{"embeddable":true,"href":"https:\/\/altaircl.com\/en\/wp-json\/wp\/v2\/comments?post=692"}],"version-history":[{"count":3,"href":"https:\/\/altaircl.com\/en\/wp-json\/wp\/v2\/pages\/692\/revisions"}],"predecessor-version":[{"id":695,"href":"https:\/\/altaircl.com\/en\/wp-json\/wp\/v2\/pages\/692\/revisions\/695"}],"wp:attachment":[{"href":"https:\/\/altaircl.com\/en\/wp-json\/wp\/v2\/media?parent=692"}],"curies":[{"name":"wp","href":"https:\/\/api.w.org\/{rel}","templated":true}]}}